{"id":900,"date":"2020-10-23T19:17:33","date_gmt":"2020-10-23T23:17:33","guid":{"rendered":"http:\/\/www.joinpasi.org\/?page_id=900"},"modified":"2021-11-15T20:53:14","modified_gmt":"2021-11-16T01:53:14","slug":"hall-of-shame","status":"publish","type":"page","link":"https:\/\/joinpasi.org\/index.php\/hall-of-shame\/","title":{"rendered":"Hall of Shame"},"content":{"rendered":"\t\t<div data-elementor-type=\"wp-page\" data-elementor-id=\"900\" class=\"elementor elementor-900\" data-elementor-post-type=\"page\">\n\t\t\t\t\t\t\t\t\t<section class=\"elementor-section elementor-top-section elementor-element elementor-element-420b29f elementor-section-height-min-height elementor-section-full_width elementor-section-height-default elementor-section-items-middle\" data-id=\"420b29f\" data-element_type=\"section\" data-settings=\"{&quot;background_background&quot;:&quot;classic&quot;}\">\n\t\t\t\t\t\t<div class=\"elementor-container elementor-column-gap-default\">\n\t\t\t\t\t<div class=\"elementor-column elementor-col-100 elementor-top-column elementor-element elementor-element-dcff26f\" data-id=\"dcff26f\" data-element_type=\"column\">\n\t\t\t<div class=\"elementor-widget-wrap elementor-element-populated\">\n\t\t\t\t\t\t\t\t<div class=\"elementor-element elementor-element-6937dde elementor-widget elementor-widget-heading\" data-id=\"6937dde\" data-element_type=\"widget\" data-name=\"HallOfShamePage\" data-widget_type=\"heading.default\">\n\t\t\t\t<div class=\"elementor-widget-container\">\n\t\t\t<h1 class=\"elementor-heading-title elementor-size-default\">HALL OF SHAME<\/h1>\t\t<\/div>\n\t\t\t\t<\/div>\n\t\t\t\t\t<\/div>\n\t\t<\/div>\n\t\t\t\t\t\t\t<\/div>\n\t\t<\/section>\n\t\t\t\t<section class=\"elementor-section elementor-top-section elementor-element elementor-element-f14b218 elementor-section-boxed elementor-section-height-default elementor-section-height-default\" data-id=\"f14b218\" data-element_type=\"section\" data-settings=\"{&quot;background_background&quot;:&quot;classic&quot;}\">\n\t\t\t\t\t\t<div class=\"elementor-container elementor-column-gap-default\">\n\t\t\t\t\t<div class=\"elementor-column elementor-col-100 elementor-top-column elementor-element elementor-element-0bcdf0a\" data-id=\"0bcdf0a\" data-element_type=\"column\">\n\t\t\t<div class=\"elementor-widget-wrap elementor-element-populated\">\n\t\t\t\t\t\t\t\t<div class=\"elementor-element elementor-element-9224ccf elementor-widget elementor-widget-heading\" data-id=\"9224ccf\" data-element_type=\"widget\" data-widget_type=\"heading.default\">\n\t\t\t\t<div class=\"elementor-widget-container\">\n\t\t\t<p class=\"elementor-heading-title elementor-size-default\"><span class=\"english\">Blaming Polish Americans or Poland has increased lately and is becoming a new norm for some. Politicians do it mostly pressured by powerful lobbyists. Since there is no apparent cost to any Poland bashing, it does not take much to convince a politician towards anti Polish behavior. Offending Poland and Poles by assigning them derogatory features is pure racial and nationalist discrimination. We have decided to point to some of the most outrageous outbursts of insensitivity, arrogance, and discrimination. Before you vote, check our Hall of Shame. Politicians who have made it to our Hall of Shame act like enemies of Polish Americans and Poland, and do not deserve our vote. <\/span><span class=\"polish\" style=\"display:none\">Obwinianie Amerykan\u00f3w polskiego pochodzenia czy Polski wzros\u0142o ostatnio i staje si\u0119 now\u0105 norm\u0105 dla niekt\u00f3rych. Politycy robi\u0105 to g\u0142\u00f3wnie pod presj\u0105 pot\u0119\u017cnych lobbyst\u00f3w. Poniewa\u017c nie ma \u017cadnych widocznych koszt\u00f3w nagonki na Polsk\u0119, nie trzeba wiele, by przekona\u0107 polityka do antypolskiego zachowania. Obra\u017canie Polski i Polak\u00f3w przez przypisywanie im uw\u0142aczaj\u0105cych cech jest czyst\u0105 rasow\u0105 i nacjonalistyczn\u0105 dyskryminacj\u0105. Postanowili\u015bmy wskaza\u0107 na niekt\u00f3re z najbardziej oburzaj\u0105cych wybuch\u00f3w braku wra\u017cliwo\u015bci, arogancji i dyskryminacji. Zanim zag\u0142osujesz, zajrzyj do naszej Hali Wstydu. Politycy, kt\u00f3rzy trafili do naszej Hali Wstydu, zachowuj\u0105 si\u0119 jak wrogowie Polonii i Polski i nie zas\u0142uguj\u0105 na nasz g\u0142os.<\/span><br\/><br\/>\n<span class=\"english\">Our intention is to work together towards common good and not to dig trenches of hatred or division. A politician will have an opportunity to recant the position that landed him or her on our Hall of Shame and be removed from the list.<\/span><span class=\"polish\" style=\"display:none\">Nasz\u0105 intencj\u0105 jest wsp\u00f3lna praca na rzecz wsp\u00f3lnego dobra, a nie kopanie row\u00f3w nienawi\u015bci czy podzia\u0142\u00f3w. Polityk b\u0119dzie mia\u0142 okazj\u0119 odwo\u0142a\u0107 stanowisko, kt\u00f3re wyl\u0105dowa\u0142o w naszej Hali Wstydu i zosta\u0107 usuni\u0119tym z listy.<\/span>\n<\/p>\t\t<\/div>\n\t\t\t\t<\/div>\n\t\t\t\t\t<\/div>\n\t\t<\/div>\n\t\t\t\t\t\t\t<\/div>\n\t\t<\/section>\n\t\t\t\t<section class=\"elementor-section elementor-top-section elementor-element elementor-element-1705ddd elementor-section-boxed elementor-section-height-default elementor-section-height-default\" data-id=\"1705ddd\" data-element_type=\"section\">\n\t\t\t\t\t\t<div class=\"elementor-container elementor-column-gap-default\">\n\t\t\t\t\t<div class=\"elementor-column elementor-col-50 elementor-top-column elementor-element elementor-element-06e1f6c\" data-id=\"06e1f6c\" data-element_type=\"column\">\n\t\t\t<div class=\"elementor-widget-wrap elementor-element-populated\">\n\t\t\t\t\t\t\t\t<div class=\"elementor-element elementor-element-aad5757 elementor-widget-mobile__width-initial elementor-widget elementor-widget-image\" data-id=\"aad5757\" data-element_type=\"widget\" data-widget_type=\"image.default\">\n\t\t\t\t<div class=\"elementor-widget-container\">\n\t\t\t\t\t\t\t\t\t\t\t\t\t\t\t<img fetchpriority=\"high\" decoding=\"async\" width=\"808\" height=\"1024\" src=\"https:\/\/joinpasi.org\/wp-content\/uploads\/2020\/10\/Jacky-Rosen-official-808x1024.jpg\" class=\"attachment-large size-large wp-image-906\" alt=\"Jacky Rosen\" srcset=\"https:\/\/joinpasi.org\/wp-content\/uploads\/2020\/10\/Jacky-Rosen-official-808x1024.jpg 808w, https:\/\/joinpasi.org\/wp-content\/uploads\/2020\/10\/Jacky-Rosen-official-237x300.jpg 237w, https:\/\/joinpasi.org\/wp-content\/uploads\/2020\/10\/Jacky-Rosen-official-768x973.jpg 768w, https:\/\/joinpasi.org\/wp-content\/uploads\/2020\/10\/Jacky-Rosen-official.jpg 891w\" sizes=\"(max-width: 808px) 100vw, 808px\" \/>\t\t\t\t\t\t\t\t\t\t\t\t\t\t\t<\/div>\n\t\t\t\t<\/div>\n\t\t\t\t<div class=\"elementor-element elementor-element-6864678 elementor-widget elementor-widget-image\" data-id=\"6864678\" data-element_type=\"widget\" data-widget_type=\"image.default\">\n\t\t\t\t<div class=\"elementor-widget-container\">\n\t\t\t\t\t\t\t\t\t\t\t\t\t\t\t<img decoding=\"async\" width=\"150\" height=\"150\" src=\"https:\/\/joinpasi.org\/wp-content\/uploads\/2020\/10\/Shame.svg\" class=\"attachment-thumbnail size-thumbnail wp-image-901\" alt=\"\" srcset=\"https:\/\/joinpasi.org\/wp-content\/uploads\/\/2020\/10\/Shame.svg 150w, https:\/\/joinpasi.org\/wp-content\/uploads\/\/2020\/10\/Shame.svg 300w, https:\/\/joinpasi.org\/wp-content\/uploads\/\/2020\/10\/Shame.svg 1024w, https:\/\/joinpasi.org\/wp-content\/uploads\/\/2020\/10\/Shame.svg 491w\" sizes=\"(max-width: 150px) 100vw, 150px\" \/>\t\t\t\t\t\t\t\t\t\t\t\t\t\t\t<\/div>\n\t\t\t\t<\/div>\n\t\t\t\t\t<\/div>\n\t\t<\/div>\n\t\t\t\t<div class=\"elementor-column elementor-col-50 elementor-top-column elementor-element elementor-element-a43334c\" data-id=\"a43334c\" data-element_type=\"column\">\n\t\t\t<div class=\"elementor-widget-wrap elementor-element-populated\">\n\t\t\t\t\t\t\t\t<div class=\"elementor-element elementor-element-7c5df76 elementor-widget elementor-widget-heading\" data-id=\"7c5df76\" data-element_type=\"widget\" data-widget_type=\"heading.default\">\n\t\t\t\t<div class=\"elementor-widget-container\">\n\t\t\t<h2 class=\"elementor-heading-title elementor-size-default\"><span class=\"english\">Sen. Jacky Rosen (D-Nev)<br\/>\nTerm ends on January 3, 2025<\/span><span class=\"polish\" style=\"display:none\">Sen. Jacky Rosen (D-Nev)<br\/>\nKadencja ko\u0144czy si\u0119 3 stycznia 2025 r.<\/span>\n<\/h2>\t\t<\/div>\n\t\t\t\t<\/div>\n\t\t\t\t<div class=\"elementor-element elementor-element-6dd1756 elementor-widget elementor-widget-text-editor\" data-id=\"6dd1756\" data-element_type=\"widget\" data-widget_type=\"text-editor.default\">\n\t\t\t\t<div class=\"elementor-widget-container\">\n\t\t\t\t\t\t\t<span style=\"font-weight: 400;\"><span class=\"english\">Author of openly hostile and bullying letter to the President of Poland dated 9\/15\/20. Blamed Poland for anti-Semitism and not paying retributions to vaguely defined Jewish groups. Threatened that US-Poland relations will suffer if her demands are not met.<\/span><span class=\"polish\" style=\"display: none;\">Autorka listu otwarcie wrogiego i zastraszaj\u0105cego do Prezydenta RP z dnia 15.09.20. Obwinia\u0142a Polsk\u0119 za antysemityzm i niep\u0142acenie pieni\u0119dzy niejasno okre\u015blonym grupom \u017cydowskim. Zagrozi\u0142a, \u017ce \u200b\u200bstosunki ameryka\u0144sko-polskie ucierpi\u0105, je\u015bli jej \u017c\u0105dania nie zostan\u0105 spe\u0142nione.<\/span><\/span>\t\t\t\t\t\t<\/div>\n\t\t\t\t<\/div>\n\t\t\t\t\t<\/div>\n\t\t<\/div>\n\t\t\t\t\t\t\t<\/div>\n\t\t<\/section>\n\t\t\t\t<section class=\"elementor-section elementor-top-section elementor-element elementor-element-9772ead elementor-section-boxed elementor-section-height-default elementor-section-height-default\" data-id=\"9772ead\" data-element_type=\"section\">\n\t\t\t\t\t\t<div class=\"elementor-container elementor-column-gap-default\">\n\t\t\t\t\t<div class=\"elementor-column elementor-col-50 elementor-top-column elementor-element elementor-element-882163c\" data-id=\"882163c\" data-element_type=\"column\">\n\t\t\t<div class=\"elementor-widget-wrap elementor-element-populated\">\n\t\t\t\t\t\t\t\t<div class=\"elementor-element elementor-element-8ffc4d2 elementor-widget-mobile__width-initial elementor-widget elementor-widget-image\" data-id=\"8ffc4d2\" data-element_type=\"widget\" data-widget_type=\"image.default\">\n\t\t\t\t<div class=\"elementor-widget-container\">\n\t\t\t\t\t\t\t\t\t\t\t\t\t\t\t<img decoding=\"async\" width=\"808\" height=\"1024\" src=\"https:\/\/joinpasi.org\/wp-content\/uploads\/2020\/10\/James-Lankford-official-808x1024.jpg\" class=\"attachment-large size-large wp-image-907\" alt=\"Sen. James Lankford\" srcset=\"https:\/\/joinpasi.org\/wp-content\/uploads\/2020\/10\/James-Lankford-official-808x1024.jpg 808w, https:\/\/joinpasi.org\/wp-content\/uploads\/2020\/10\/James-Lankford-official-237x300.jpg 237w, https:\/\/joinpasi.org\/wp-content\/uploads\/2020\/10\/James-Lankford-official-768x973.jpg 768w, https:\/\/joinpasi.org\/wp-content\/uploads\/2020\/10\/James-Lankford-official-1213x1536.jpg 1213w, https:\/\/joinpasi.org\/wp-content\/uploads\/2020\/10\/James-Lankford-official-1617x2048.jpg 1617w, https:\/\/joinpasi.org\/wp-content\/uploads\/2020\/10\/James-Lankford-official-scaled.jpg 2021w\" sizes=\"(max-width: 808px) 100vw, 808px\" \/>\t\t\t\t\t\t\t\t\t\t\t\t\t\t\t<\/div>\n\t\t\t\t<\/div>\n\t\t\t\t<div class=\"elementor-element elementor-element-a0b3474 elementor-widget elementor-widget-image\" data-id=\"a0b3474\" data-element_type=\"widget\" data-widget_type=\"image.default\">\n\t\t\t\t<div class=\"elementor-widget-container\">\n\t\t\t\t\t\t\t\t\t\t\t\t\t\t\t<img decoding=\"async\" width=\"150\" height=\"150\" src=\"https:\/\/joinpasi.org\/wp-content\/uploads\/2020\/10\/Shame.svg\" class=\"attachment-thumbnail size-thumbnail wp-image-901\" alt=\"\" srcset=\"https:\/\/joinpasi.org\/wp-content\/uploads\/\/2020\/10\/Shame.svg 150w, https:\/\/joinpasi.org\/wp-content\/uploads\/\/2020\/10\/Shame.svg 300w, https:\/\/joinpasi.org\/wp-content\/uploads\/\/2020\/10\/Shame.svg 1024w, https:\/\/joinpasi.org\/wp-content\/uploads\/\/2020\/10\/Shame.svg 491w\" sizes=\"(max-width: 150px) 100vw, 150px\" \/>\t\t\t\t\t\t\t\t\t\t\t\t\t\t\t<\/div>\n\t\t\t\t<\/div>\n\t\t\t\t\t<\/div>\n\t\t<\/div>\n\t\t\t\t<div class=\"elementor-column elementor-col-50 elementor-top-column elementor-element elementor-element-45786cd\" data-id=\"45786cd\" data-element_type=\"column\">\n\t\t\t<div class=\"elementor-widget-wrap elementor-element-populated\">\n\t\t\t\t\t\t\t\t<div class=\"elementor-element elementor-element-fc80d43 elementor-widget elementor-widget-heading\" data-id=\"fc80d43\" data-element_type=\"widget\" data-widget_type=\"heading.default\">\n\t\t\t\t<div class=\"elementor-widget-container\">\n\t\t\t<h2 class=\"elementor-heading-title elementor-size-default\"><span class=\"english\">Sen. James Lankford (R-OK)<br\/>\nTerm ends January 3, 2023<\/span><span class=\"polish\" style=\"display:none\">Sen. James Lankford (R-OK)<br\/>\nKadencja ko\u0144czy si\u0119 3 stycznia 2023 r. <\/span><\/h2>\t\t<\/div>\n\t\t\t\t<\/div>\n\t\t\t\t<div class=\"elementor-element elementor-element-69338ba elementor-widget elementor-widget-text-editor\" data-id=\"69338ba\" data-element_type=\"widget\" data-widget_type=\"text-editor.default\">\n\t\t\t\t<div class=\"elementor-widget-container\">\n\t\t\t\t\t\t\t<span style=\"font-weight: 400;\"><span class=\"english\">Author of openly hostile and bullying letter to the President of Poland dated 9\/15\/20. Blamed Poland for anti-Semitism and not paying retributions to vaguely defined Jewish groups. Threatened that US-Poland relations will suffer if his demands are not met.<\/span><span class=\"polish\" style=\"display: none;\">Autor listu otwarcie wrogiego i zastraszaj\u0105cego do Prezydenta RP z dnia 15.09.20. Obwinia\u0142 Polsk\u0119 za antysemityzm i niep\u0142acenie odp\u0142at niejasno okre\u015blonym grupom \u017cydowskim. Zagrozi\u0142, \u017ce stosunki ameryka\u0144sko-polskie ucierpi\u0105, je\u015bli jego \u017c\u0105dania nie zostan\u0105 spe\u0142nione.<\/span><\/span>\t\t\t\t\t\t<\/div>\n\t\t\t\t<\/div>\n\t\t\t\t\t<\/div>\n\t\t<\/div>\n\t\t\t\t\t\t\t<\/div>\n\t\t<\/section>\n\t\t\t\t<section class=\"elementor-section elementor-top-section elementor-element elementor-element-0d01454 elementor-section-boxed elementor-section-height-default elementor-section-height-default\" data-id=\"0d01454\" data-element_type=\"section\">\n\t\t\t\t\t\t<div class=\"elementor-container elementor-column-gap-default\">\n\t\t\t\t\t<div class=\"elementor-column elementor-col-100 elementor-top-column elementor-element elementor-element-b0d8a3e\" data-id=\"b0d8a3e\" data-element_type=\"column\">\n\t\t\t<div class=\"elementor-widget-wrap elementor-element-populated\">\n\t\t\t\t\t\t\t\t<div class=\"elementor-element elementor-element-f0f158a elementor-widget elementor-widget-html\" data-id=\"f0f158a\" data-element_type=\"widget\" data-widget_type=\"html.default\">\n\t\t\t\t<div class=\"elementor-widget-container\">\n\t\t\t<script>\n    jQuery(window).load(function () {\n        if ($(\"#headerenglish\").css(\"display\") == \"none\") {\n            $(\".switchpolish\").click();\n        }\n        else if ($(\"#headerpolish\").css(\"display\") == \"none\") {\n            $(\".switchenglish\").click();\n        }\n\n        var is_mobile = isMobile.status;\n\n        if (is_mobile) {\n            $(\"div[data-name='RosenTitle']\").show();\n            $(\"div[data-name='HydeSmithTitle']\").show();\n            $(\"div[data-name='FeinsteinTitle']\").show();\n            $(\"section[data-name='SenatorsTitle']\").hide();\n        }\n        else {\n            $(\"div[data-name='RosenTitle']\").hide();\n            $(\"div[data-name='HydeSmithTitle']\").hide();\n            $(\"div[data-name='FeinsteinTitle']\").hide();\n\n            var sectionelement = $(\"section[data-name='SenatorsTitle']\");\n\n            sectionelement.show();\n            sectionelement.css(\"margin-top\", \"-20px\");\n        }\n    });\n\n    jQuery(document).on('click', '.switchenglish', function () {\n        setPageTitle(\"HallOfShamePage\", \"HALL OF SHAME\u200b\");\n    });\n\n    jQuery(document).on('click', '.switchpolish', function () {\n        setPageTitle(\"HallOfShamePage\", \"WSTYD\");\n    });\n<\/script>\n\t\t<\/div>\n\t\t\t\t<\/div>\n\t\t\t\t\t<\/div>\n\t\t<\/div>\n\t\t\t\t\t\t\t<\/div>\n\t\t<\/section>\n\t\t\t\t\t\t\t<\/div>\n\t\t","protected":false},"excerpt":{"rendered":"<p>HALL OF SHAME Blaming Polish Americans or Poland has increased lately and is becoming a new norm for some. Politicians do it mostly pressured by powerful lobbyists. Since there is no apparent cost to any Poland bashing, it does not take much to convince a politician towards anti Polish behavior. Offending Poland and Poles by &hellip;<\/p>\n<p class=\"read-more\"> <a class=\"\" href=\"https:\/\/joinpasi.org\/index.php\/hall-of-shame\/\"> <span class=\"screen-reader-text\">Hall of Shame<\/span> Read More \u00bb<\/a><\/p>\n","protected":false},"author":142,"featured_media":903,"parent":0,"menu_order":0,"comment_status":"closed","ping_status":"closed","template":"elementor_header_footer","meta":{"site-sidebar-layout":"no-sidebar","site-content-layout":"page-builder","ast-main-header-display":"","ast-hfb-above-header-display":"","ast-hfb-below-header-display":"","ast-hfb-mobile-header-display":"","site-post-title":"disabled","ast-breadcrumbs-content":"","ast-featured-img":"disabled","footer-sml-layout":"","theme-transparent-header-meta":"default","adv-header-id-meta":"","stick-header-meta":"","header-above-stick-meta":"","header-main-stick-meta":"","header-below-stick-meta":"","footnotes":""},"_links":{"self":[{"href":"https:\/\/joinpasi.org\/index.php\/wp-json\/wp\/v2\/pages\/900"}],"collection":[{"href":"https:\/\/joinpasi.org\/index.php\/wp-json\/wp\/v2\/pages"}],"about":[{"href":"https:\/\/joinpasi.org\/index.php\/wp-json\/wp\/v2\/types\/page"}],"author":[{"embeddable":true,"href":"https:\/\/joinpasi.org\/index.php\/wp-json\/wp\/v2\/users\/142"}],"replies":[{"embeddable":true,"href":"https:\/\/joinpasi.org\/index.php\/wp-json\/wp\/v2\/comments?post=900"}],"version-history":[{"count":28,"href":"https:\/\/joinpasi.org\/index.php\/wp-json\/wp\/v2\/pages\/900\/revisions"}],"predecessor-version":[{"id":2941,"href":"https:\/\/joinpasi.org\/index.php\/wp-json\/wp\/v2\/pages\/900\/revisions\/2941"}],"wp:featuredmedia":[{"embeddable":true,"href":"https:\/\/joinpasi.org\/index.php\/wp-json\/wp\/v2\/media\/903"}],"wp:attachment":[{"href":"https:\/\/joinpasi.org\/index.php\/wp-json\/wp\/v2\/media?parent=900"}],"curies":[{"name":"wp","href":"https:\/\/api.w.org\/{rel}","templated":true}]}}