{"id":920,"date":"2020-10-27T11:17:00","date_gmt":"2020-10-27T15:17:00","guid":{"rendered":"http:\/\/www.joinpasi.org\/?page_id=920"},"modified":"2021-11-15T19:27:46","modified_gmt":"2021-11-16T00:27:46","slug":"endorsements","status":"publish","type":"page","link":"https:\/\/joinpasi.org\/index.php\/endorsements\/","title":{"rendered":"Endorsements"},"content":{"rendered":"\t\t<div data-elementor-type=\"wp-page\" data-elementor-id=\"920\" class=\"elementor elementor-920\" data-elementor-post-type=\"page\">\n\t\t\t\t\t\t\t\t\t<section class=\"elementor-section elementor-top-section elementor-element elementor-element-320f094 elementor-section-height-min-height elementor-section-full_width elementor-section-height-default elementor-section-items-middle\" data-id=\"320f094\" data-element_type=\"section\" data-settings=\"{&quot;background_background&quot;:&quot;classic&quot;}\">\n\t\t\t\t\t\t<div class=\"elementor-container elementor-column-gap-default\">\n\t\t\t\t\t<div class=\"elementor-column elementor-col-100 elementor-top-column elementor-element elementor-element-119297e\" data-id=\"119297e\" data-element_type=\"column\">\n\t\t\t<div class=\"elementor-widget-wrap elementor-element-populated\">\n\t\t\t\t\t\t\t\t<div class=\"elementor-element elementor-element-7287d4a elementor-widget elementor-widget-heading\" data-id=\"7287d4a\" data-element_type=\"widget\" data-name=\"EndorsementPage\" data-widget_type=\"heading.default\">\n\t\t\t\t<div class=\"elementor-widget-container\">\n\t\t\t<h1 class=\"elementor-heading-title elementor-size-default\">Endorsements<\/h1>\t\t<\/div>\n\t\t\t\t<\/div>\n\t\t\t\t\t<\/div>\n\t\t<\/div>\n\t\t\t\t\t\t\t<\/div>\n\t\t<\/section>\n\t\t\t\t<section class=\"elementor-section elementor-top-section elementor-element elementor-element-ac31061 elementor-section-boxed elementor-section-height-default elementor-section-height-default\" data-id=\"ac31061\" data-element_type=\"section\" data-settings=\"{&quot;background_background&quot;:&quot;classic&quot;}\">\n\t\t\t\t\t\t<div class=\"elementor-container elementor-column-gap-default\">\n\t\t\t\t\t<div class=\"elementor-column elementor-col-100 elementor-top-column elementor-element elementor-element-80f7b5f\" data-id=\"80f7b5f\" data-element_type=\"column\">\n\t\t\t<div class=\"elementor-widget-wrap elementor-element-populated\">\n\t\t\t\t\t\t\t\t<div class=\"elementor-element elementor-element-fe01fba elementor-widget__width-initial elementor-widget elementor-widget-heading\" data-id=\"fe01fba\" data-element_type=\"widget\" data-widget_type=\"heading.default\">\n\t\t\t\t<div class=\"elementor-widget-container\">\n\t\t\t<p class=\"elementor-heading-title elementor-size-default\"><span class=\"english\"><strong>Endorsed by PASI.<\/strong><\/span><span class=\"polish\" style=\"display:none\"><strong>Poparcie przez PASI.<\/strong><\/span><\/p>\t\t<\/div>\n\t\t\t\t<\/div>\n\t\t\t\t\t<\/div>\n\t\t<\/div>\n\t\t\t\t\t\t\t<\/div>\n\t\t<\/section>\n\t\t\t\t<section class=\"elementor-section elementor-top-section elementor-element elementor-element-82049ae elementor-section-boxed elementor-section-height-default elementor-section-height-default\" data-id=\"82049ae\" data-element_type=\"section\">\n\t\t\t\t\t\t<div class=\"elementor-container elementor-column-gap-default\">\n\t\t\t\t\t<div class=\"elementor-column elementor-col-50 elementor-top-column elementor-element elementor-element-4b973f8\" data-id=\"4b973f8\" data-element_type=\"column\">\n\t\t\t<div class=\"elementor-widget-wrap elementor-element-populated\">\n\t\t\t\t\t\t\t\t<div class=\"elementor-element elementor-element-efc1704 elementor-widget-mobile__width-initial elementor-widget elementor-widget-image\" data-id=\"efc1704\" data-element_type=\"widget\" data-widget_type=\"image.default\">\n\t\t\t\t<div class=\"elementor-widget-container\">\n\t\t\t\t\t\t\t\t\t\t\t\t\t\t\t<img fetchpriority=\"high\" decoding=\"async\" width=\"220\" height=\"275\" src=\"https:\/\/joinpasi.org\/wp-content\/uploads\/2020\/11\/Tim-Burchett.jpg\" class=\"attachment-large size-large wp-image-938\" alt=\"Tim Burchett\" \/>\t\t\t\t\t\t\t\t\t\t\t\t\t\t\t<\/div>\n\t\t\t\t<\/div>\n\t\t\t\t<div class=\"elementor-element elementor-element-0cf1415 elementor-widget elementor-widget-image\" data-id=\"0cf1415\" data-element_type=\"widget\" data-widget_type=\"image.default\">\n\t\t\t\t<div class=\"elementor-widget-container\">\n\t\t\t\t\t\t\t\t\t\t\t\t\t\t\t<img decoding=\"async\" width=\"150\" height=\"150\" src=\"https:\/\/joinpasi.org\/wp-content\/uploads\/2020\/10\/Fame.svg\" class=\"attachment-thumbnail size-thumbnail wp-image-902\" alt=\"\" srcset=\"https:\/\/joinpasi.org\/wp-content\/uploads\/\/2020\/10\/Fame.svg 150w, https:\/\/joinpasi.org\/wp-content\/uploads\/\/2020\/10\/Fame.svg 300w, https:\/\/joinpasi.org\/wp-content\/uploads\/\/2020\/10\/Fame.svg 1024w, https:\/\/joinpasi.org\/wp-content\/uploads\/\/2020\/10\/Fame.svg 491w\" sizes=\"(max-width: 150px) 100vw, 150px\" \/>\t\t\t\t\t\t\t\t\t\t\t\t\t\t\t<\/div>\n\t\t\t\t<\/div>\n\t\t\t\t<div class=\"elementor-element elementor-element-5d11eb0 elementor-widget elementor-widget-heading\" data-id=\"5d11eb0\" data-element_type=\"widget\" data-widget_type=\"heading.default\">\n\t\t\t\t<div class=\"elementor-widget-container\">\n\t\t\t<h2 class=\"elementor-heading-title elementor-size-default\"><span class=\"english\">Timothy Floyd Burchett (R-TN-2)<br>\nUS Representative since 2019<br>\nTerm ends January 3, 2023<br><\/span><span class=\"polish\" style=\"display:none\">Timothy Floyd Burchett (R-TN-2)<br>\nKongresman USA od 2019 roku<br>\nTermin up\u0142ywa 3 stycznia 2023 r.<\/span>\n\n\n<\/h2>\t\t<\/div>\n\t\t\t\t<\/div>\n\t\t\t\t\t<\/div>\n\t\t<\/div>\n\t\t\t\t<div class=\"elementor-column elementor-col-50 elementor-top-column elementor-element elementor-element-9b6333d\" data-id=\"9b6333d\" data-element_type=\"column\">\n\t\t\t<div class=\"elementor-widget-wrap elementor-element-populated\">\n\t\t\t\t\t\t\t\t<div class=\"elementor-element elementor-element-3a65667 elementor-widget__width-initial elementor-widget elementor-widget-heading\" data-id=\"3a65667\" data-element_type=\"widget\" data-widget_type=\"heading.default\">\n\t\t\t\t<div class=\"elementor-widget-container\">\n\t\t\t<p class=\"elementor-heading-title elementor-size-default\"><span class=\"english\"><strong>Sponsor of H.RES. 699 of 116 Congress.<\/strong><br>\nThe resolution celebrates the 100th anniversary of diplomatic relations between the United States and Poland.<\/span><span class=\"polish\" style=\"display:none\">Sponsor H.RES. 699 ze 116 kongres\u00f3w.<\/strong><br>\nRezolucja upami\u0119tnia 100. rocznic\u0119 nawi\u0105zania stosunk\u00f3w dyplomatycznych mi\u0119dzy Stanami Zjednoczonymi a Polsk\u0105.<\/span>\n<\/p>\t\t<\/div>\n\t\t\t\t<\/div>\n\t\t\t\t<div class=\"elementor-element elementor-element-4bbba17 elementor-widget elementor-widget-heading\" data-id=\"4bbba17\" data-element_type=\"widget\" data-widget_type=\"heading.default\">\n\t\t\t\t<div class=\"elementor-widget-container\">\n\t\t\t<h2 class=\"elementor-heading-title elementor-size-default\"><span class=\"english\">PASI congratulates Tim Burchett for his successful run for office. Tim won with 67.7% of votes against Renee Hoyos with 31% of votes.<br><br>\nWe appreciate Tim\u2019s sponsorship of H. Res, 699 of 116 Congress.<\/span><span class=\"polish\" style=\"display:none\">PASI gratuluje Timowi Burchettowi udanej kandydatury na urz\u0105d. Tim wygra\u0142 z 67,7% g\u0142os\u00f3w przeciwko Renee Hoyos z 31% g\u0142os\u00f3w.<br><br>\nDoceniamy sponsorowanie przez Tima H. \u200b\u200bRes, 699 w 116-tym Kongresie.<\/span>\n<\/h2>\t\t<\/div>\n\t\t\t\t<\/div>\n\t\t\t\t\t<\/div>\n\t\t<\/div>\n\t\t\t\t\t\t\t<\/div>\n\t\t<\/section>\n\t\t\t\t<section class=\"elementor-section elementor-top-section elementor-element elementor-element-86d9411 elementor-section-boxed elementor-section-height-default elementor-section-height-default\" data-id=\"86d9411\" data-element_type=\"section\">\n\t\t\t\t\t\t<div class=\"elementor-container elementor-column-gap-default\">\n\t\t\t\t\t<div class=\"elementor-column elementor-col-100 elementor-top-column elementor-element elementor-element-a9f733a\" data-id=\"a9f733a\" data-element_type=\"column\">\n\t\t\t<div class=\"elementor-widget-wrap elementor-element-populated\">\n\t\t\t\t\t\t\t\t<div class=\"elementor-element elementor-element-cb1248b elementor-widget elementor-widget-html\" data-id=\"cb1248b\" data-element_type=\"widget\" data-widget_type=\"html.default\">\n\t\t\t\t<div class=\"elementor-widget-container\">\n\t\t\t<script>\n    jQuery(window).load(function () {\n        if ($(\"#headerenglish\").css(\"display\") == \"none\") {\n            $(\".switchpolish\").click();\n        }\n        else if ($(\"#headerpolish\").css(\"display\") == \"none\") {\n            $(\".switchenglish\").click();\n        }\n    });\n\n    jQuery(document).on('click', '.switchenglish', function () {\n        setPageTitle(\"EndorsementPage\", \"ENDORSEMENTS\");\n    });\n\n    jQuery(document).on('click', '.switchpolish', function () {\n        setPageTitle(\"EndorsementPage\", \"POPARCIE\");\n    });\n<\/script>\n\n\t\t<\/div>\n\t\t\t\t<\/div>\n\t\t\t\t\t<\/div>\n\t\t<\/div>\n\t\t\t\t\t\t\t<\/div>\n\t\t<\/section>\n\t\t\t\t\t\t\t<\/div>\n\t\t","protected":false},"excerpt":{"rendered":"<p>Endorsements Endorsed by PASI.Poparcie przez PASI. Timothy Floyd Burchett (R-TN-2) US Representative since 2019 Term ends January 3, 2023Timothy Floyd Burchett (R-TN-2) Kongresman USA od 2019 roku Termin up\u0142ywa 3 stycznia 2023 r. Sponsor of H.RES. 699 of 116 Congress. The resolution celebrates the 100th anniversary of diplomatic relations between the United States and Poland.Sponsor &hellip;<\/p>\n<p class=\"read-more\"> <a class=\"\" href=\"https:\/\/joinpasi.org\/index.php\/endorsements\/\"> <span class=\"screen-reader-text\">Endorsements<\/span> Read More \u00bb<\/a><\/p>\n","protected":false},"author":142,"featured_media":921,"parent":0,"menu_order":0,"comment_status":"closed","ping_status":"closed","template":"elementor_header_footer","meta":{"site-sidebar-layout":"no-sidebar","site-content-layout":"page-builder","ast-main-header-display":"","ast-hfb-above-header-display":"","ast-hfb-below-header-display":"","ast-hfb-mobile-header-display":"","site-post-title":"disabled","ast-breadcrumbs-content":"","ast-featured-img":"disabled","footer-sml-layout":"","theme-transparent-header-meta":"default","adv-header-id-meta":"","stick-header-meta":"","header-above-stick-meta":"","header-main-stick-meta":"","header-below-stick-meta":"","footnotes":""},"_links":{"self":[{"href":"https:\/\/joinpasi.org\/index.php\/wp-json\/wp\/v2\/pages\/920"}],"collection":[{"href":"https:\/\/joinpasi.org\/index.php\/wp-json\/wp\/v2\/pages"}],"about":[{"href":"https:\/\/joinpasi.org\/index.php\/wp-json\/wp\/v2\/types\/page"}],"author":[{"embeddable":true,"href":"https:\/\/joinpasi.org\/index.php\/wp-json\/wp\/v2\/users\/142"}],"replies":[{"embeddable":true,"href":"https:\/\/joinpasi.org\/index.php\/wp-json\/wp\/v2\/comments?post=920"}],"version-history":[{"count":20,"href":"https:\/\/joinpasi.org\/index.php\/wp-json\/wp\/v2\/pages\/920\/revisions"}],"predecessor-version":[{"id":2913,"href":"https:\/\/joinpasi.org\/index.php\/wp-json\/wp\/v2\/pages\/920\/revisions\/2913"}],"wp:featuredmedia":[{"embeddable":true,"href":"https:\/\/joinpasi.org\/index.php\/wp-json\/wp\/v2\/media\/921"}],"wp:attachment":[{"href":"https:\/\/joinpasi.org\/index.php\/wp-json\/wp\/v2\/media?parent=920"}],"curies":[{"name":"wp","href":"https:\/\/api.w.org\/{rel}","templated":true}]}}