{"id":949,"date":"2020-11-02T01:12:00","date_gmt":"2020-11-02T06:12:00","guid":{"rendered":"http:\/\/www.joinpasi.org\/?page_id=949"},"modified":"2022-03-10T14:06:03","modified_gmt":"2022-03-10T19:06:03","slug":"opinions","status":"publish","type":"page","link":"https:\/\/joinpasi.org\/index.php\/opinions\/","title":{"rendered":"OPINIONS"},"content":{"rendered":"\t\t<div data-elementor-type=\"wp-page\" data-elementor-id=\"949\" class=\"elementor elementor-949\" data-elementor-post-type=\"page\">\n\t\t\t\t\t\t\t\t\t<section class=\"elementor-section elementor-top-section elementor-element elementor-element-bb2fc4e elementor-section-height-min-height elementor-section-full_width elementor-section-height-default elementor-section-items-middle\" data-id=\"bb2fc4e\" data-element_type=\"section\" data-settings=\"{&quot;background_background&quot;:&quot;classic&quot;}\">\n\t\t\t\t\t\t<div class=\"elementor-container elementor-column-gap-default\">\n\t\t\t\t\t<div class=\"elementor-column elementor-col-100 elementor-top-column elementor-element elementor-element-b8dabd6\" data-id=\"b8dabd6\" data-element_type=\"column\">\n\t\t\t<div class=\"elementor-widget-wrap elementor-element-populated\">\n\t\t\t\t\t\t\t\t<div class=\"elementor-element elementor-element-05eb300 elementor-widget elementor-widget-heading\" data-id=\"05eb300\" data-element_type=\"widget\" data-name=\"opiniontitle\" data-widget_type=\"heading.default\">\n\t\t\t\t<div class=\"elementor-widget-container\">\n\t\t\t<h1 class=\"elementor-heading-title elementor-size-default\">OPINIONS<\/h1>\t\t<\/div>\n\t\t\t\t<\/div>\n\t\t\t\t\t<\/div>\n\t\t<\/div>\n\t\t\t\t\t\t\t<\/div>\n\t\t<\/section>\n\t\t\t\t<section class=\"elementor-section elementor-top-section elementor-element elementor-element-874c519 elementor-section-boxed elementor-section-height-default elementor-section-height-default\" data-id=\"874c519\" data-element_type=\"section\">\n\t\t\t\t\t\t<div class=\"elementor-container elementor-column-gap-default\">\n\t\t\t\t\t<div class=\"elementor-column elementor-col-100 elementor-top-column elementor-element elementor-element-7e6b956\" data-id=\"7e6b956\" data-element_type=\"column\">\n\t\t\t<div class=\"elementor-widget-wrap elementor-element-populated\">\n\t\t\t\t\t\t\t\t<div class=\"elementor-element elementor-element-a7c5697 elementor-widget__width-initial elementor-widget elementor-widget-heading\" data-id=\"a7c5697\" data-element_type=\"widget\" data-widget_type=\"heading.default\">\n\t\t\t\t<div class=\"elementor-widget-container\">\n\t\t\t<p class=\"elementor-heading-title elementor-size-default\"><span class=\"english\"><strong>We value your opinions and comments. Please post them here. <br\/>You may type in the space provided or attach a file.<\/strong><\/span><span class=\"polish\" style=\"display:none\">Cenimy Twoje opinie i uwagi. Prosz\u0119 umie\u015bci\u0107 je tutaj<br\/>Mo\u017cesz wpisa\u0107 uwagi lub za\u0142\u0105czy\u0107 plik<\/span><\/p>\t\t<\/div>\n\t\t\t\t<\/div>\n\t\t\t\t<div class=\"elementor-element elementor-element-0fe7e69 elementor-widget__width-initial elementor-widget elementor-widget-heading\" data-id=\"0fe7e69\" data-element_type=\"widget\" data-widget_type=\"heading.default\">\n\t\t\t\t<div class=\"elementor-widget-container\">\n\t\t\t<p class=\"elementor-heading-title elementor-size-default\"><h5 class=\"english switchpolish\" id=\"opinionenglish\" style=\"color:blue;text-align:center;text-decoration:underline\">po polsku<\/h5><h5 class=\"polish switchenglish\" id=\"opinionpolish\" style=\"color:blue;text-align:center;text-decoration:underline;display:none\">english<\/h5>\n<\/p>\t\t<\/div>\n\t\t\t\t<\/div>\n\t\t\t\t<div class=\"elementor-element elementor-element-f97a700 elementor-widget__width-initial uael-gf-ajax-true uael-gf-style-box uael-gf-input-size-sm uael-gf-enable-classes-no uael-gf-button-left uael-gf-btn-size-sm elementor-widget elementor-widget-uael-gf-styler\" data-id=\"f97a700\" data-element_type=\"widget\" data-widget_type=\"uael-gf-styler.default\">\n\t\t\t\t<div class=\"elementor-widget-container\">\n\t\t\t<div class=\"uael-gf-style uael-gf-check-style elementor-clickable\">\n\t<script type=\"text\/javascript\">var gform;gform||(document.addEventListener(\"gform_main_scripts_loaded\",function(){gform.scriptsLoaded=!0}),window.addEventListener(\"DOMContentLoaded\",function(){gform.domLoaded=!0}),gform={domLoaded:!1,scriptsLoaded:!1,initializeOnLoaded:function(o){gform.domLoaded&&gform.scriptsLoaded?o():!gform.domLoaded&&gform.scriptsLoaded?window.addEventListener(\"DOMContentLoaded\",o):document.addEventListener(\"gform_main_scripts_loaded\",o)},hooks:{action:{},filter:{}},addAction:function(o,n,r,t){gform.addHook(\"action\",o,n,r,t)},addFilter:function(o,n,r,t){gform.addHook(\"filter\",o,n,r,t)},doAction:function(o){gform.doHook(\"action\",o,arguments)},applyFilters:function(o){return gform.doHook(\"filter\",o,arguments)},removeAction:function(o,n){gform.removeHook(\"action\",o,n)},removeFilter:function(o,n,r){gform.removeHook(\"filter\",o,n,r)},addHook:function(o,n,r,t,i){null==gform.hooks[o][n]&&(gform.hooks[o][n]=[]);var e=gform.hooks[o][n];null==i&&(i=n+\"_\"+e.length),gform.hooks[o][n].push({tag:i,callable:r,priority:t=null==t?10:t})},doHook:function(n,o,r){var t;if(r=Array.prototype.slice.call(r,1),null!=gform.hooks[n][o]&&((o=gform.hooks[n][o]).sort(function(o,n){return o.priority-n.priority}),o.forEach(function(o){\"function\"!=typeof(t=o.callable)&&(t=window[t]),\"action\"==n?t.apply(null,r):r[0]=t.apply(null,r)})),\"filter\"==n)return r[0]},removeHook:function(o,n,t,i){var r;null!=gform.hooks[o][n]&&(r=(r=gform.hooks[o][n]).filter(function(o,n,r){return!!(null!=i&&i!=o.tag||null!=t&&t!=o.priority)}),gform.hooks[o][n]=r)}});<\/script>\n                <div class='gf_browser_gecko gform_wrapper gravity-theme' id='gform_wrapper_16' ><form method='post' enctype='multipart\/form-data'  id='gform_16'  action='\/index.php\/wp-json\/wp\/v2\/pages\/949' novalidate>\n                        <div class='gform_body gform-body'><div id='gform_fields_16' class='gform_fields top_label form_sublabel_below description_below'><fieldset id=\"field_16_1\" class=\"gfield gfield_contains_required field_sublabel_below field_description_below gfield_visibility_visible\" ><legend class='gfield_label gfield_label_before_complex'  >Name<span class=\"gfield_required\"><span class=\"gfield_required gfield_required_asterisk\">*<\/span><\/span><\/legend><div class='ginput_complex ginput_container no_prefix has_first_name no_middle_name has_last_name no_suffix gf_name_has_2 ginput_container_name' id='input_16_1'>\n                            \n                            <span id='input_16_1_3_container' class='name_first' >\n                                                    <input type='text' name='input_1.3' id='input_16_1_3' value='' tabindex='2'  aria-required='true'     \/>\n                                                    <label for='input_16_1_3' ><span class=\"english\">First<\/span><span class=\"polish\" style=\"display:none\">Imi\u0119<\/span><\/label>\n                                                <\/span>\n                            \n                            <span id='input_16_1_6_container' class='name_last' >\n                                                    <input type='text' name='input_1.6' id='input_16_1_6' value='' tabindex='4'  aria-required='true'     \/>\n                                                    <label for='input_16_1_6' ><span class=\"english\">Last<\/span><span class=\"polish\" style=\"display:none\">Nazwisko<\/span><\/label>\n                                                <\/span>\n                            \n                        <\/div><\/fieldset><div id=\"field_16_4\" class=\"gfield gfield--width-full gfield_contains_required field_sublabel_below field_description_below gfield_visibility_visible\" ><label class='gfield_label' for='input_16_4' >Email<span class=\"gfield_required\"><span class=\"gfield_required gfield_required_asterisk\">*<\/span><\/span><\/label><div class='ginput_container ginput_container_email'>\n                            <input name='input_4' id='input_16_4' type='email' value='' class='medium' tabindex='6'   aria-required=\"true\" aria-invalid=\"false\"  \/>\n                        <\/div><\/div><div id=\"field_16_5\" class=\"gfield gfield--width-full field_sublabel_below field_description_below gfield_visibility_visible\" ><label class='gfield_label' for='input_16_5' >Your Phone (optional)<\/label><div class='ginput_container ginput_container_phone'><input name='input_5' id='input_16_5' type='tel' value='' class='medium' tabindex='7'   aria-invalid=\"false\"   \/><\/div><\/div><div id=\"field_16_2\" class=\"gfield field_sublabel_below field_description_below gfield_visibility_visible\" ><label class='gfield_label' for='input_16_2' >Your comments<\/label><div class='ginput_container ginput_container_textarea'><textarea name='input_2' id='input_16_2' class='textarea medium' tabindex='8'     aria-invalid=\"false\"   rows='10' cols='50'><\/textarea><\/div><\/div><div id=\"field_16_3\" class=\"gfield field_sublabel_below field_description_below gfield_visibility_visible\" ><label class='gfield_label' for='input_16_3' >or attach a file<\/label><div class='ginput_container ginput_container_fileupload'><input type='hidden' name='MAX_FILE_SIZE' value='62914560' \/><input name='input_3' id='input_16_3' type='file' class='medium' aria-describedby=\"gfield_upload_rules_16_3\" onchange='javascript:gformValidateFileSize( this, 62914560 );' tabindex='9' \/><span class='gform_fileupload_rules' id='gfield_upload_rules_16_3'>Max. file size: 60 MB.<\/span><div class='validation_message validation_message--hidden-on-empty' id='live_validation_message_16_3'><\/div><\/div><\/div><div id=\"field_16_9\" class=\"gfield gfield--width-full field_sublabel_below field_description_below gfield_visibility_visible\" ><label class='gfield_label' for='input_16_9' >CAPTCHA<\/label><div id='input_16_9' class='ginput_container ginput_recaptcha' data-sitekey='6Le8NNkhAAAAAP7OZFNGiY7gapvsRHSkWwNF5k7V'  data-theme='light' data-tabindex='10'  data-badge=''><\/div><\/div><div id=\"field_16_6\" class=\"gfield gfield--width-full gform_hidden field_sublabel_below field_description_below gfield_visibility_visible\" ><div class='ginput_container ginput_container_text'><input name='input_6' id='input_16_6' type='hidden' class='gform_hidden'  aria-invalid=\"false\" value='' \/><\/div><\/div><div id=\"field_16_7\" class=\"gfield gfield--width-full gform_hidden field_sublabel_below field_description_below gfield_visibility_visible\" ><div class='ginput_container ginput_container_text'><input name='input_7' id='input_16_7' type='hidden' class='gform_hidden'  aria-invalid=\"false\" value='' \/><\/div><\/div><\/div><\/div>\n        <div class='gform_footer top_label'> <input type='submit' id='gform_submit_button_16' class='gform_button button' value='Submit' tabindex='11' onclick='if(window[\"gf_submitting_16\"]){return false;}  if( !jQuery(\"#gform_16\")[0].checkValidity || jQuery(\"#gform_16\")[0].checkValidity()){window[\"gf_submitting_16\"]=true;}  ' onkeypress='if( event.keyCode == 13 ){ if(window[\"gf_submitting_16\"]){return false;} if( !jQuery(\"#gform_16\")[0].checkValidity || jQuery(\"#gform_16\")[0].checkValidity()){window[\"gf_submitting_16\"]=true;}  jQuery(\"#gform_16\").trigger(\"submit\",[true]); }' \/> \n            <input type='hidden' class='gform_hidden' name='is_submit_16' value='1' \/>\n            <input type='hidden' class='gform_hidden' name='gform_submit' value='16' \/>\n            \n            <input type='hidden' class='gform_hidden' name='gform_unique_id' value='' \/>\n            <input type='hidden' class='gform_hidden' name='state_16' value='WyJbXSIsIjI4MjU5NGM4MjI0Y2U4N2RkNzI5M2Y5YWFjNTdjNTMzIl0=' \/>\n            <input type='hidden' class='gform_hidden' name='gform_target_page_number_16' id='gform_target_page_number_16' value='0' \/>\n            <input type='hidden' class='gform_hidden' name='gform_source_page_number_16' id='gform_source_page_number_16' value='1' \/>\n            <input type='hidden' name='gform_field_values' value='' \/>\n            \n        <\/div>\n                        <\/form>\n                        <\/div>\n<\/div>\n\t\t<\/div>\n\t\t\t\t<\/div>\n\t\t\t\t\t<\/div>\n\t\t<\/div>\n\t\t\t\t\t\t\t<\/div>\n\t\t<\/section>\n\t\t\t\t<section class=\"elementor-section elementor-top-section elementor-element elementor-element-2838cab elementor-section-boxed elementor-section-height-default elementor-section-height-default\" data-id=\"2838cab\" data-element_type=\"section\">\n\t\t\t\t\t\t<div class=\"elementor-container elementor-column-gap-default\">\n\t\t\t\t\t<div class=\"elementor-column elementor-col-100 elementor-top-column elementor-element elementor-element-262379b\" data-id=\"262379b\" data-element_type=\"column\">\n\t\t\t<div class=\"elementor-widget-wrap elementor-element-populated\">\n\t\t\t\t\t\t\t\t<div class=\"elementor-element elementor-element-8d61894 elementor-widget elementor-widget-html\" data-id=\"8d61894\" data-element_type=\"widget\" data-widget_type=\"html.default\">\n\t\t\t\t<div class=\"elementor-widget-container\">\n\t\t\t<script>\n    var waitforerroropinionpasi;\n    var waitforlateropinionpasi;\n    var waitformoreopinionpasi;\n\n    jQuery(window).load(function () {\n        changeOrientation();\n\n        if (jQuery(\"div.validation_message\").length > 0) {\n\n            red_validation();\n        }\n\n        if (jQuery(\"#gform_confirmation_wrapper_16\").length > 0) {\n            var conf = jQuery(\"#gform_confirmation_wrapper_16\");\n\n            conf = conf.parent();\n\n            conf = conf.parent();\n\n            conf = conf.parent();\n\n            conf = conf.prev();\n\n            conf = conf.prev();\n\n            conf = conf.children().eq(\"0\");\n\n            conf.hide();\n\n            if ($(\"#currentlanguage\").html() == \"english\") {\n                $(\".switchenglish\").click();\n            }\n\n            if ($(\"#currentlanguage\").html() == \"polish\") {\n                $(\".switchpolish\").click();\n            }\n\n            \/\/alert(\"confirmation\");\n        }\n        else {\n\n            \/\/          alert(\"poczatek\");\n            setopinionenglishpolish();\n\n            var selectedlanguage = typeLanguage.language;\n\n            var language = location.search;\n\n            if ($(\"#input_16_7\").val() == \"english\") {\n                $(\".switchenglish\").click();\n            }\n            else if ($(\"#input_16_7\").val() == \"polish\") {\n                $(\".switchpolish\").click();\n            }\n            else if ($(\"#headerenglish\").css(\"display\") == \"none\") {\n                $(\".switchpolish\").click();\n            }\n            else if (selectedlanguage == \"polish\") {\n                $(\".switchpolish\").click();\n            }\n            else if (selectedlanguage == \"english\") {\n                $(\".switchenglish\").click();\n            }\n            else if (language.indexOf(\"polish\") == -1) {\n                $(\".switchenglish\").click();\n            }\n            else {\n                $(\".switchpolish\").click();\n            }\n        }\n\n        if (jQuery(\"div.validation_message\").length > 0) {\n\n            setvalidationerrors();\n        }\n    });\n\n    function setopinionenglishpolish() {\n            var labelelement = $(\"#field_16_1\");\n\n            labelelement = labelelement.children().eq(\"0\");\n\n            setlabelnamestar(labelelement, \"Name\", \"Imi\u0119 i Nazwisko\");\n\n            labelelement = $(\"#field_16_5\");\n\n            labelelement = labelelement.children().eq(\"0\");\n\n            setlabelname(labelelement, \"Phone (optional)\", \"Telefon  (opcjonalnie)\");\n\n            labelelement = $(\"#field_16_2\");\n\n            labelelement = labelelement.children().eq(\"0\");\n\n            setlabelname(labelelement, \"Your comments)\", \"Twoje Uwagi\");\n\n            labelelement = $(\"#field_16_3\");\n\n            labelelement = labelelement.children().eq(\"0\");\n\n            setlabelname(labelelement, \"or attach a file)\", \"lub za\u0142\u0105cz plik\");\n        }\n    \n\n    function changeOrientation() {\n\n        var is_mobile = isMobile.status;\n\n        if (is_mobile) {\n            \/\/var width = $(window).width();\n            \/\/var height = $(window).height();\n\n            \/\/if (width < 400 && height < 750) {\n            if (window.orientation === 90 || window.orientation === -90) {\n                $(\"#input_16_4\").removeClass(\"large\");\n                $(\"#input_16_4\").addClass(\"medium\");\n            }\n            else {\n                $(\"#input_16_4\").removeClass(\"medium\");\n                $(\"#input_16_4\").addClass(\"large\");\n            }\n        }\n    }\n\n    function red_validation() {\n        if (jQuery(\"#gform_16_validation_container\").length > 0) {\n\n            var upper_error = $(\"#gform_16_validation_container\");\n\n            removeerrorclasses(upper_error);\n        }\n    }\n\n    function hidetheseopinionfields() {\n        \n  \/\/      alert(\"w hide 1\");\n        \n        setopinionenglishpolish();\n\n        if ($(\"#opinionenglish\").css(\"display\") == \"none\") {\n           $(\".switchpolish\").click();\n       }\n\n       if ($(\"#opinionpolish\").css(\"display\") == \"none\") {\n          $(\".switchenglish\").click();\n      }\n\n \/\/       alert(\"tutaj\");\n\n       if (jQuery(\"div.validation_message\").length > 0) {\n\n\/\/          alert(\"tam\");\n\n           changeOrientation();\n\n           red_validation();\n\n           setvalidationerrors();\n      }\n    }\n\n    function doaftervalidateopinionpasi() {\n\n       hidetheseopinionfields();\n\n    \/\/    alert(\"w hide nr 1\");\n\n       clearInterval(waitforerroropinionpasi);\n    }\n    \n    function dolatervalidateopinionpasi() {\n\n     hidetheseopinionfields();\n\n    \/\/    alert(\"w hide nr 2\");\n\n      clearInterval(waitforlateropinionpasi);\n      }\n\n    function domorevalidateopinionpasi() {\n\n       hidetheseopinionfields();\n\n    \/\/    alert(\"w hide nr 3\");\n\n      clearInterval(waitformoreopinionpasi);\n    }\n\n    jQuery(document).on('click', '#gform_submit_button_16', function () {\n\n        validation_messages_remove();\n\n        waitforerroropinionpasi = setInterval(doaftervalidateopinionpasi, 5000);\n\n        waitforlateropinionpasi = setInterval(dolatervalidateopinionpasi, 9000);\n\n        waitformoreopinionpasi = setInterval(domorevalidateopinionpasi, 15000);\n    });\n\n    jQuery(document).on('mouseover', '#gform_submit_button_16', function () {\n        var phone = jQuery(\"#input_16_5\").val();\n\n        phone = phone.trim();\n\n        if (phone != \"\") {\n\n            var linkphone = phone.replace(\"(\", \"\");\n\n            linkphone = linkphone.replace(\")\", \"-\");\n\n            linkphone = linkphone.replace(\" \", \"\");\n\n            jQuery(\"#input_16_6\").val(linkphone);\n        }\n        else {\n            jQuery(\"#input_16_6\").val(\"\");\n        }\n\n        if ($(\"#opinionenglish\").css(\"display\") == \"none\") {\n\n            jQuery(\"#input_16_7\").val(\"polish\");\n        }\n\n        if ($(\"#opinionpolish\").css(\"display\") == \"none\") {\n\n            jQuery(\"#input_16_7\").val(\"english\");\n        }\n    });\n\n    jQuery(document).on('click', '.switchenglish', function () {\n\n        $(\"#gfield_upload_rules_16_3\").html(\"Max. file size: 2 MB.\");\n\n        $(\"#gform_submit_button_16\").val(\"Submit\");\n\n        setPageTitle(\"opiniontitle\", \"OPINIONS\");\n    });\n\n    jQuery(document).on('click', '.switchpolish', function () {\n\n        $(\"#gfield_upload_rules_16_3\").html(\"Maksymalna  wielko\u015b\u0107 pliku: 2 MB.\");\n\n        $(\"#gform_submit_button_16\").val(\"Wy\u015blij\");\n\n        setPageTitle(\"opiniontitle\", \"OPINIE\");\n    });\n<\/script>\n\t\t<\/div>\n\t\t\t\t<\/div>\n\t\t\t\t\t<\/div>\n\t\t<\/div>\n\t\t\t\t\t\t\t<\/div>\n\t\t<\/section>\n\t\t\t\t\t\t\t<\/div>\n\t\t","protected":false},"excerpt":{"rendered":"<p>We value your opinions and comments. Please post them here. You may type in the space provided or attach a file.Cenimy Twoje opinie i uwagi. Prosz\u0119 umie\u015bci\u0107 je tutajMo\u017cesz wpisa\u0107 uwagi lub za\u0142\u0105czy\u0107 plik po polsku english Name* FirstImi\u0119 LastNazwisko Email* Your Phone (optional)Your commentsor attach a fileMax. file size: 60 MB.<\/p>\n","protected":false},"author":142,"featured_media":364,"parent":0,"menu_order":0,"comment_status":"closed","ping_status":"closed","template":"elementor_header_footer","meta":{"site-sidebar-layout":"no-sidebar","site-content-layout":"page-builder","ast-main-header-display":"","ast-hfb-above-header-display":"","ast-hfb-below-header-display":"","ast-hfb-mobile-header-display":"","site-post-title":"disabled","ast-breadcrumbs-content":"","ast-featured-img":"disabled","footer-sml-layout":"","theme-transparent-header-meta":"default","adv-header-id-meta":"","stick-header-meta":"","header-above-stick-meta":"","header-main-stick-meta":"","header-below-stick-meta":"","footnotes":""},"_links":{"self":[{"href":"https:\/\/joinpasi.org\/index.php\/wp-json\/wp\/v2\/pages\/949"}],"collection":[{"href":"https:\/\/joinpasi.org\/index.php\/wp-json\/wp\/v2\/pages"}],"about":[{"href":"https:\/\/joinpasi.org\/index.php\/wp-json\/wp\/v2\/types\/page"}],"author":[{"embeddable":true,"href":"https:\/\/joinpasi.org\/index.php\/wp-json\/wp\/v2\/users\/142"}],"replies":[{"embeddable":true,"href":"https:\/\/joinpasi.org\/index.php\/wp-json\/wp\/v2\/comments?post=949"}],"version-history":[{"count":5,"href":"https:\/\/joinpasi.org\/index.php\/wp-json\/wp\/v2\/pages\/949\/revisions"}],"predecessor-version":[{"id":3858,"href":"https:\/\/joinpasi.org\/index.php\/wp-json\/wp\/v2\/pages\/949\/revisions\/3858"}],"wp:featuredmedia":[{"embeddable":true,"href":"https:\/\/joinpasi.org\/index.php\/wp-json\/wp\/v2\/media\/364"}],"wp:attachment":[{"href":"https:\/\/joinpasi.org\/index.php\/wp-json\/wp\/v2\/media?parent=949"}],"curies":[{"name":"wp","href":"https:\/\/api.w.org\/{rel}","templated":true}]}}